
{"id":2914,"date":"2021-02-20T12:40:30","date_gmt":"2021-02-20T12:40:30","guid":{"rendered":"http:\/\/sitio.pt\/terms-and-conditions\/"},"modified":"2022-02-07T17:01:24","modified_gmt":"2022-02-07T17:01:24","slug":"termos-e-condicoes","status":"publish","type":"page","link":"https:\/\/sitio.pt\/pt-pt\/termos-e-condicoes\/","title":{"rendered":"termos e condi\u00e7\u00f5es"},"content":{"rendered":"<p>este website tem como finalidade o fornecimento de informa\u00e7\u00f5es gerais sobre o sitio, a sua atividade e presta\u00e7\u00e3o de servi\u00e7os inerentes ao objeto do sitio. os utilizadores deste website n\u00e3o devem usar ou divulgar as informa\u00e7\u00f5es nele contidas sem consultar previamente um advogado. o sitio n\u00e3o \u00e9 respons\u00e1vel perante quaisquer utilizadores deste website por quaisquer danos decorrentes da utiliza\u00e7\u00e3o das informa\u00e7\u00f5es nele contidas.<strong>\u00a0<\/strong><\/p>\n<p><strong>links para outros websites<\/strong><b><br \/>\n<\/b>este website cont\u00e9m links para outros websites de terceiros. estes links s\u00e3o disponibilizados apenas para conveni\u00eancia dos utilizadores do website. o\u00a0sitio n\u00e3o se responsabiliza pelos conte\u00fados de quaisquer websites de terceiros cujos links sejam disponibilizados.<\/p>\n<p><strong>direitos de propriedade intelectual<\/strong><b><br \/>\n<\/b>o utilizador aceita que todos os conte\u00fados constantes do website est\u00e3o protegidos por Direitos de Propriedade Intelectual. quaisquer textos, imagens, marcas ou log\u00f3tipos constantes do website (doravante designados por \u201cconte\u00fados do website\u201d), independentemente da forma como s\u00e3o representados, s\u00e3o propriedade do sitio, encontram-se registados a favor deste ou foram devidamente licenciados a favor deste. qualquer utiliza\u00e7\u00e3o que envolva a transmiss\u00e3o, publica\u00e7\u00e3o, modifica\u00e7\u00e3o ou c\u00f3pia dos conte\u00fados do website encontra-se sujeita a autoriza\u00e7\u00e3o pr\u00e9via por parte do sitio. em nenhum momento, salvo por manifesta\u00e7\u00e3o expressa, o acesso ou utiliza\u00e7\u00e3o do website confere ao utilizador qualquer direito sobre os conte\u00fados do website.<strong>\u00a0<\/strong><\/p>\n<p><strong>tratamento de dados pessoais<\/strong><b><br \/>\n<\/b>a prote\u00e7\u00e3o dos seus dados pessoais \u00e9 importante para o sitio. para obter informa\u00e7\u00f5es mais detalhadas relativamente ao modo como tratamentos os seus dados pessoais deve consultar a nossa pol\u00edtica de privacidade.<\/p>\n<p><strong>cookies<\/strong><b><br \/>\n<\/b>o website utiliza cookies. para obter informa\u00e7\u00f5es mais detalhadas relativamente ao modo como tratamentos os seus dados pessoais deve consultar a nossa pol\u00edtica de cookies.<\/p>\n<p><strong>aceita\u00e7\u00e3o dos termos de utiliza\u00e7\u00e3o<\/strong><b><br \/>\n<\/b>ao utilizar este website, concorda com estes termos de utiliza\u00e7\u00e3o. se alterarmos estes termos de utiliza\u00e7\u00e3o, a pol\u00edtica de cookies ou a pol\u00edtica de privacidade, essas altera\u00e7\u00f5es ser\u00e3o publicadas neste website.<strong>\u00a0\u00a0<\/strong><\/p>\n<p><strong>detalhes de propriedade do site<\/strong><b><br \/>\n<\/b>este site \u00e9 propriedade da Olissipolis, Lda. e o conte\u00fado deste site \u00e9 determinado exclusivamente pela Olissipolis, Lda. est\u00e1 matriculada e registada em Portugal na Conservat\u00f3ria do Registo Comercial sob o n\u00famero \u00fanico de matr\u00edcula e pessoa coletiva 513825428, com sede social na Rua Visconde de Santar\u00e9m, n.\u00ba 73, 1000-286 Lisboa, Portugal.<\/p>\n","protected":false},"excerpt":{"rendered":"<p>este website tem como finalidade o fornecimento de informa\u00e7\u00f5es gerais sobre o sitio, a sua atividade e presta\u00e7\u00e3o de servi\u00e7os inerentes ao objeto do sitio. os utilizadores deste website n\u00e3o devem usar ou divulgar as informa\u00e7\u00f5es nele contidas sem consultar previamente um advogado. o sitio n\u00e3o \u00e9 respons\u00e1vel perante quaisquer utilizadores deste website por quaisquer [&hellip;]<\/p>\n","protected":false},"author":7,"featured_media":0,"parent":0,"menu_order":0,"comment_status":"closed","ping_status":"closed","template":"","meta":{"_acf_changed":false,"_price":"","_stock":"","_tribe_ticket_header":"","_tribe_default_ticket_provider":"","_tribe_ticket_capacity":"0","_ticket_start_date":"","_ticket_end_date":"","_tribe_ticket_show_description":"","_tribe_ticket_show_not_going":false,"_tribe_ticket_use_global_stock":"","_tribe_ticket_global_stock_level":"","_global_stock_mode":"","_global_stock_cap":"","_tribe_rsvp_for_event":"","_tribe_ticket_going_count":"","_tribe_ticket_not_going_count":"","_tribe_tickets_list":"[]","_tribe_ticket_has_attendee_info_fields":false,"footnotes":"","_tec_slr_enabled":"","_tec_slr_layout":""},"class_list":["post-2914","page","type-page","status-publish","hentry"],"acf":[],"yoast_head":"<!-- This site is optimized with the Yoast SEO plugin v27.4 - https:\/\/yoast.com\/product\/yoast-seo-wordpress\/ -->\n<title>Veja os nossos termos e condi\u00e7\u00f5es - sitio<\/title>\n<meta name=\"description\" content=\"este website tem como finalidade o fornecimento de informa\u00e7\u00f5es gerais sobre o sitio, a sua atividade e presta\u00e7\u00e3o de servi\u00e7os inerentes\" \/>\n<meta name=\"robots\" content=\"index, follow, max-snippet:-1, max-image-preview:large, max-video-preview:-1\" \/>\n<link rel=\"canonical\" href=\"https:\/\/sitio.pt\/terms-and-conditions\/\" \/>\n<meta property=\"og:locale\" content=\"pt_PT\" \/>\n<meta property=\"og:type\" content=\"article\" \/>\n<meta property=\"og:title\" content=\"Veja os nossos termos e condi\u00e7\u00f5es - sitio\" \/>\n<meta property=\"og:description\" content=\"este website tem como finalidade o fornecimento de informa\u00e7\u00f5es gerais sobre o sitio, a sua atividade e presta\u00e7\u00e3o de servi\u00e7os inerentes\" \/>\n<meta property=\"og:url\" content=\"https:\/\/sitio.pt\/terms-and-conditions\/\" \/>\n<meta property=\"og:site_name\" content=\"sitio\" \/>\n<meta property=\"article:publisher\" content=\"https:\/\/www.facebook.com\/sitio.network\/?locale=pt_PT\" \/>\n<meta property=\"article:modified_time\" content=\"2022-02-07T17:01:24+00:00\" \/>\n<meta name=\"twitter:card\" content=\"summary_large_image\" \/>\n<meta name=\"twitter:label1\" content=\"Tempo estimado de leitura\" \/>\n\t<meta name=\"twitter:data1\" content=\"2 minutos\" \/>\n<script type=\"application\/ld+json\" class=\"yoast-schema-graph\">{\"@context\":\"https:\\\/\\\/schema.org\",\"@graph\":[{\"@type\":\"WebPage\",\"@id\":\"https:\\\/\\\/sitio.pt\\\/terms-and-conditions\\\/\",\"url\":\"https:\\\/\\\/sitio.pt\\\/terms-and-conditions\\\/\",\"name\":\"Veja os nossos termos e condi\u00e7\u00f5es - sitio\",\"isPartOf\":{\"@id\":\"https:\\\/\\\/sitio.pt\\\/#website\"},\"datePublished\":\"2021-02-20T12:40:30+00:00\",\"dateModified\":\"2022-02-07T17:01:24+00:00\",\"description\":\"este website tem como finalidade o fornecimento de informa\u00e7\u00f5es gerais sobre o sitio, a sua atividade e presta\u00e7\u00e3o de servi\u00e7os inerentes\",\"breadcrumb\":{\"@id\":\"https:\\\/\\\/sitio.pt\\\/terms-and-conditions\\\/#breadcrumb\"},\"inLanguage\":\"pt-PT\",\"potentialAction\":[{\"@type\":\"ReadAction\",\"target\":[\"https:\\\/\\\/sitio.pt\\\/terms-and-conditions\\\/\"]}]},{\"@type\":\"BreadcrumbList\",\"@id\":\"https:\\\/\\\/sitio.pt\\\/terms-and-conditions\\\/#breadcrumb\",\"itemListElement\":[{\"@type\":\"ListItem\",\"position\":1,\"name\":\"Home\",\"item\":\"https:\\\/\\\/sitio.pt\\\/pt-pt\\\/\"},{\"@type\":\"ListItem\",\"position\":2,\"name\":\"termos e condi\u00e7\u00f5es\"}]},{\"@type\":\"WebSite\",\"@id\":\"https:\\\/\\\/sitio.pt\\\/#website\",\"url\":\"https:\\\/\\\/sitio.pt\\\/\",\"name\":\"sitio\",\"description\":\"\",\"publisher\":{\"@id\":\"https:\\\/\\\/sitio.pt\\\/#organization\"},\"potentialAction\":[{\"@type\":\"SearchAction\",\"target\":{\"@type\":\"EntryPoint\",\"urlTemplate\":\"https:\\\/\\\/sitio.pt\\\/?s={search_term_string}\"},\"query-input\":{\"@type\":\"PropertyValueSpecification\",\"valueRequired\":true,\"valueName\":\"search_term_string\"}}],\"inLanguage\":\"pt-PT\"},{\"@type\":\"Organization\",\"@id\":\"https:\\\/\\\/sitio.pt\\\/#organization\",\"name\":\"sitio\",\"url\":\"https:\\\/\\\/sitio.pt\\\/\",\"logo\":{\"@type\":\"ImageObject\",\"inLanguage\":\"pt-PT\",\"@id\":\"https:\\\/\\\/sitio.pt\\\/#\\\/schema\\\/logo\\\/image\\\/\",\"url\":\"https:\\\/\\\/sitio.pt\\\/cms\\\/wp-content\\\/uploads\\\/2022\\\/03\\\/sitio-foto.jpg\",\"contentUrl\":\"https:\\\/\\\/sitio.pt\\\/cms\\\/wp-content\\\/uploads\\\/2022\\\/03\\\/sitio-foto.jpg\",\"width\":1060,\"height\":1305,\"caption\":\"sitio\"},\"image\":{\"@id\":\"https:\\\/\\\/sitio.pt\\\/#\\\/schema\\\/logo\\\/image\\\/\"},\"sameAs\":[\"https:\\\/\\\/www.facebook.com\\\/sitio.network\\\/?locale=pt_PT\"]}]}<\/script>\n<!-- \/ Yoast SEO plugin. -->","yoast_head_json":{"title":"Veja os nossos termos e condi\u00e7\u00f5es - sitio","description":"este website tem como finalidade o fornecimento de informa\u00e7\u00f5es gerais sobre o sitio, a sua atividade e presta\u00e7\u00e3o de servi\u00e7os inerentes","robots":{"index":"index","follow":"follow","max-snippet":"max-snippet:-1","max-image-preview":"max-image-preview:large","max-video-preview":"max-video-preview:-1"},"canonical":"https:\/\/sitio.pt\/terms-and-conditions\/","og_locale":"pt_PT","og_type":"article","og_title":"Veja os nossos termos e condi\u00e7\u00f5es - sitio","og_description":"este website tem como finalidade o fornecimento de informa\u00e7\u00f5es gerais sobre o sitio, a sua atividade e presta\u00e7\u00e3o de servi\u00e7os inerentes","og_url":"https:\/\/sitio.pt\/terms-and-conditions\/","og_site_name":"sitio","article_publisher":"https:\/\/www.facebook.com\/sitio.network\/?locale=pt_PT","article_modified_time":"2022-02-07T17:01:24+00:00","twitter_card":"summary_large_image","twitter_misc":{"Tempo estimado de leitura":"2 minutos"},"schema":{"@context":"https:\/\/schema.org","@graph":[{"@type":"WebPage","@id":"https:\/\/sitio.pt\/terms-and-conditions\/","url":"https:\/\/sitio.pt\/terms-and-conditions\/","name":"Veja os nossos termos e condi\u00e7\u00f5es - sitio","isPartOf":{"@id":"https:\/\/sitio.pt\/#website"},"datePublished":"2021-02-20T12:40:30+00:00","dateModified":"2022-02-07T17:01:24+00:00","description":"este website tem como finalidade o fornecimento de informa\u00e7\u00f5es gerais sobre o sitio, a sua atividade e presta\u00e7\u00e3o de servi\u00e7os inerentes","breadcrumb":{"@id":"https:\/\/sitio.pt\/terms-and-conditions\/#breadcrumb"},"inLanguage":"pt-PT","potentialAction":[{"@type":"ReadAction","target":["https:\/\/sitio.pt\/terms-and-conditions\/"]}]},{"@type":"BreadcrumbList","@id":"https:\/\/sitio.pt\/terms-and-conditions\/#breadcrumb","itemListElement":[{"@type":"ListItem","position":1,"name":"Home","item":"https:\/\/sitio.pt\/pt-pt\/"},{"@type":"ListItem","position":2,"name":"termos e condi\u00e7\u00f5es"}]},{"@type":"WebSite","@id":"https:\/\/sitio.pt\/#website","url":"https:\/\/sitio.pt\/","name":"sitio","description":"","publisher":{"@id":"https:\/\/sitio.pt\/#organization"},"potentialAction":[{"@type":"SearchAction","target":{"@type":"EntryPoint","urlTemplate":"https:\/\/sitio.pt\/?s={search_term_string}"},"query-input":{"@type":"PropertyValueSpecification","valueRequired":true,"valueName":"search_term_string"}}],"inLanguage":"pt-PT"},{"@type":"Organization","@id":"https:\/\/sitio.pt\/#organization","name":"sitio","url":"https:\/\/sitio.pt\/","logo":{"@type":"ImageObject","inLanguage":"pt-PT","@id":"https:\/\/sitio.pt\/#\/schema\/logo\/image\/","url":"https:\/\/sitio.pt\/cms\/wp-content\/uploads\/2022\/03\/sitio-foto.jpg","contentUrl":"https:\/\/sitio.pt\/cms\/wp-content\/uploads\/2022\/03\/sitio-foto.jpg","width":1060,"height":1305,"caption":"sitio"},"image":{"@id":"https:\/\/sitio.pt\/#\/schema\/logo\/image\/"},"sameAs":["https:\/\/www.facebook.com\/sitio.network\/?locale=pt_PT"]}]}},"ticketed":false,"_links":{"self":[{"href":"https:\/\/sitio.pt\/pt-pt\/wp-json\/wp\/v2\/pages\/2914","targetHints":{"allow":["GET"]}}],"collection":[{"href":"https:\/\/sitio.pt\/pt-pt\/wp-json\/wp\/v2\/pages"}],"about":[{"href":"https:\/\/sitio.pt\/pt-pt\/wp-json\/wp\/v2\/types\/page"}],"author":[{"embeddable":true,"href":"https:\/\/sitio.pt\/pt-pt\/wp-json\/wp\/v2\/users\/7"}],"replies":[{"embeddable":true,"href":"https:\/\/sitio.pt\/pt-pt\/wp-json\/wp\/v2\/comments?post=2914"}],"version-history":[{"count":5,"href":"https:\/\/sitio.pt\/pt-pt\/wp-json\/wp\/v2\/pages\/2914\/revisions"}],"predecessor-version":[{"id":3112,"href":"https:\/\/sitio.pt\/pt-pt\/wp-json\/wp\/v2\/pages\/2914\/revisions\/3112"}],"wp:attachment":[{"href":"https:\/\/sitio.pt\/pt-pt\/wp-json\/wp\/v2\/media?parent=2914"}],"curies":[{"name":"wp","href":"https:\/\/api.w.org\/{rel}","templated":true}]}}