
{"id":2912,"date":"2021-02-20T12:45:34","date_gmt":"2021-02-20T12:45:34","guid":{"rendered":"http:\/\/sitio.pt\/faq\/"},"modified":"2022-02-08T09:50:39","modified_gmt":"2022-02-08T09:50:39","slug":"faq","status":"publish","type":"page","link":"https:\/\/sitio.pt\/pt-pt\/faq\/","title":{"rendered":"Faq"},"content":{"rendered":"<h1><strong>sobre ser membro<\/strong><\/h1>\n<p><strong><br \/>\ncomo posso tornar-me um membro do sitio?<br \/>\n<\/strong>contacta-nos atrav\u00e9s do email <a href=\"m&#97;&#x69;&#x6c;t&#111;&#58;&#x77;&#x65;l&#99;&#111;&#x6d;&#x65;&#64;&#115;&#x69;&#x74;&#x69;o&#46;&#x70;&#x74;\">&#x77;e&#x6c;&#99;&#x6f;&#109;&#x65;&#x40;s&#x69;&#116;&#x69;&#111;&#x2e;&#112;t<\/a> para te tornares um membro e para todas as outras perguntas!<\/p>\n<p><strong>quais s\u00e3o as diferentes solu\u00e7\u00f5es que o sitio oferece?<\/strong><br \/>\no sitio oferece solu\u00e7\u00f5es com acesso a espa\u00e7os f\u00edsicos: um escrit\u00f3rio privado ou uma mesa dedicada. se n\u00e3o precisas de espa\u00e7o f\u00edsico, podes optar por uma das nossas solu\u00e7\u00f5es de escrit\u00f3rio virtual.<\/p>\n<p><strong>quais os benef\u00edcios dos membros do sitio?<br \/>\n<\/strong>os membros do sitio podem desfrutar de 21 localiza\u00e7\u00f5es: 13 espa\u00e7os de trabalho e 8 resid\u00eancias. nos espa\u00e7os de trabalho, independentemente do teu contrato, pode usar os espa\u00e7os comuns em todas as localiza\u00e7\u00f5es, bem como as salas de reuni\u00e3o. os nossos membros sabem que em qualquer uma das cidades onde estamos localizados \u2013 Lisboa e Porto, podem encontrar um espa\u00e7o de trabalho que vai ao encontro dos elevados padr\u00f5es de qualidade e versatilidade do local. pertencer \u00e0 rede sitio significa tamb\u00e9m ter acesso a amplas vantagens, desde descontos em ferramentas para o teu neg\u00f3cio, lazer e forma\u00e7\u00e3o. networking e sinergias de neg\u00f3cios tamb\u00e9m s\u00e3o intr\u00ednsecos \u00e0 nossa comunidade de mais de 200 empresas e 700 membros. independentemente de ter um contrato, podes sempre pagar uma taxa di\u00e1ria para usar uma hot desk ou uma taxa por hora para usar uma sala de reuni\u00f5es. em rela\u00e7\u00e3o \u00e0s nossas resid\u00eancias, os nossos membros t\u00eam acesso aos mesmos benef\u00edcios \u2013 acesso a eventos, regalias e podem reservar salas de reuni\u00e3o e hot desk.<\/p>\n<p><strong>tenho acesso a toda as localiza\u00e7\u00f5es?<br \/>\n<\/strong>sim, seja qual for o teu contrato tens acesso \u00e0s \u00e1reas comuns em todas as localiza\u00e7\u00f5es do sitio e a possibilidade de reservar salas de reuni\u00e3o ou reservar uma hot desk. dependendo do plano contratado este acesso pode ser gratuito ou pago \u00e0 hora \/ dia. todos os membros ganham 30% de desconto em todas as tarifas.<\/p>\n<p><strong>n\u00e3o tenho a certeza se espa\u00e7os partilhados s\u00e3o adequados para mim. posso agendar um tour ou posso experimentar gratuitamente por um dia?<br \/>\n<\/strong>sim! podes agendar um tour com um dos nossos community managers e experimentar os espa\u00e7os gratuitamente por um dia! entre em contacto via <a href=\"m&#97;&#x69;&#x6c;t&#111;&#58;&#x77;&#x65;l&#99;&#x6f;&#x6d;e&#64;&#115;&#x69;&#x74;i&#111;&#x2e;&#x70;t\">&#x77;&#101;&#108;c&#x6f;&#x6d;&#101;&#64;&#x73;&#x69;&#116;i&#x6f;&#x2e;&#112;t<\/a>.<\/p>\n<p>&nbsp;<\/p>\n<h1>sobre acesso e uso<\/h1>\n<p><strong><br \/>\nos espa\u00e7os est\u00e3o abertos o dia todo?<br \/>\n<\/strong>o acesso aos membros \u00e9 24 horas por dia, 7 dias por semana, mas os espa\u00e7os est\u00e3o abertos a n\u00e3o-membros das 9h00 \u00e0s 18h00 nos dias da semana. as taxas das salas de reuni\u00e3o ou taxas de hot desk s\u00e3o aplicadas a n\u00e3o-membros.<\/p>\n<p><strong>t\u00eam servi\u00e7os de impress\u00e3o?<\/strong><br \/>\nsim, todos os espa\u00e7os do sitio est\u00e3o equipados com uma impressora multifuncional para uso comum. dependendo do plano contratado, podes ter inclu\u00eddo impress\u00f5es ou podes ter que pagar por uso.<\/p>\n<p><strong>todos os espa\u00e7os t\u00eam cozinha?<\/strong><br \/>\nsim, todos os espa\u00e7os do sitio t\u00eam uma cozinha totalmente equipada para uso comum.<\/p>\n<p><strong>os espa\u00e7os do sitio t\u00eam rececionistas? se eu tiver um problema e precisar de apoio, a quem devo pedir ajuda?<\/strong><br \/>\ntodos os espa\u00e7os do sitio t\u00eam um community manager. caso seja necess\u00e1rio apoio, entra em contacto com teu community manager ou atrav\u00e9s da app da rede do sitio (<a href=\"https:\/\/network.sitio.pt\/\">https:\/\/network.sitio.pt\/<\/a>).<\/p>\n<p><strong>o que fazem os community managers?<\/strong><br \/>\nas community managers ajudam a garantir que todos os espa\u00e7os do sitio funcionam de forma eficiente e sem problemas: apoiando os nossos membros, gerindo tours e organizando eventos para a comunidade.<\/p>\n<p><strong>\u00e9 poss\u00edvel n\u00e3o-membros usarem os espa\u00e7os da rede?<\/strong><br \/>\nsim, os n\u00e3o-membros podem adquirir o acesso di\u00e1rio ou passes de 10 dias para usar as hot desks do sitio.<\/p>\n<p><strong>posso mudar o layout do meu espa\u00e7o?<\/strong><br \/>\nsim, podes! verifica primeiro connosco se desejas fazer grandes altera\u00e7\u00f5es ou se precisas de alguma ajuda.<\/p>\n<p><strong>preciso de mais espa\u00e7o ou mesas, a quem devo pedir ajuda?<\/strong><br \/>\npede ajuda a um community manager, eles ajudam-te.<\/p>\n<p><strong>posso dividir o meu escrit\u00f3rio com outra pessoa?<\/strong><br \/>\nsim, podes, desde que n\u00e3o ultrapasse a capacidade do escrit\u00f3rio.<\/p>\n<p><strong>posso trazer um amigo\/colega\/cliente para trabalhar comigo?<\/strong><br \/>\nsim, desde que n\u00e3o ultrapasse a capacidade do escrit\u00f3rio.<\/p>\n<p><strong>os membros podem trabalhar em todos os espa\u00e7os comuns?<\/strong><br \/>\nsim, os membros t\u00eam acesso a todas as \u00e1reas comuns, incluindo a cozinha.<\/p>\n<p><strong>como fa\u00e7o uma reserva para uma sala de reuni\u00f5es ou um espa\u00e7o para eventos?<\/strong><br \/>\natrav\u00e9s da nossa app em \u2018reservar uma sala de reuni\u00e3o\u2019 (<a href=\"https:\/\/network.sitio.pt\/public\/calendar\/meeting_room\">https:\/\/network.sitio.pt\/public\/calendar\/meeting_room<\/a>).<\/p>\n<p><strong>posso convidar pessoas para uma reuni\u00e3o?<\/strong><br \/>\nsim, podes convidar clientes e colegas para uma sala de reuni\u00f5es, para o teu escrit\u00f3rio (dentro da capacidade) ou para um dos espa\u00e7os comuns.<\/p>\n<p><strong>n\u00e3o sou membro do sitio, posso reservar um espa\u00e7o no sitio para reuni\u00f5es ou eventos?<\/strong><br \/>\nsim! atrav\u00e9s da nossa app em \u2018reservar uma sala de reuni\u00e3o\u2019 (<a href=\"https:\/\/network.sitio.pt\/public\/calendar\/meeting_room\">https:\/\/network.sitio.pt\/public\/calendar\/meeting_room<\/a>).<\/p>\n<p>&nbsp;<\/p>\n<h1>sobre vantagens, benef\u00edcios e promo\u00e7\u00f5es extra<\/h1>\n<p><strong><br \/>\nposso indicar uma empresa para ser membro do sitio? quais s\u00e3o os benef\u00edcios?<br \/>\n<\/strong>sim! recebes uma tarifa premium e\/ou descontos nas tuas mensalidades.<\/p>\n<p><strong>existem vantagens\/descontos por ser um membro ativo?<\/strong><br \/>\nsim! estamos constantemente a oferecer novas vantagens e descontos \u00e0 nossa comunidade. v\u00ea o link <a href=\"https:\/\/network.sitio.pt\/benefits\">https:\/\/network.sitio.pt\/benefits<\/a>.<\/p>\n<p><strong>tenho algumas ideias para impulsionar a comunidade do sitio. o que devo fazer?<\/strong><br \/>\nexcelente! estamos sempre recetivos a membros e convidados partilharem as suas ideias, sugest\u00f5es ou feedback com um community manager.<\/p>\n<p><strong>gosto muito do merchandising do sitio! est\u00e1 \u00e0 venda? pode ser personalizado?<\/strong><br \/>\nsim! temos uma gama de produtos dispon\u00edveis para compra e podem ser personalizados. pede ao teu community manager para ver o que temos para ti.<\/p>\n<p><strong>\u00a0<\/strong><\/p>\n<h1>outras<\/h1>\n<p><strong><br \/>\nqual \u00e9 a resposta de sitio ao coronav\u00edrus (covid-19)?<br \/>\n<\/strong>priorizamos a sa\u00fade e o bem-estar de todos os nossos membros e colaboradores. al\u00e9m do uso obrigat\u00f3rio de m\u00e1scaras, distanciamento seguro do espa\u00e7o de trabalho e seguindo todas as orienta\u00e7\u00f5es, limpamos regularmente e desinfetamos diariamente. podes assim trabalhar com seguran\u00e7a e tranquilidade connosco!<\/p>\n<p><strong>tenho uma pergunta que n\u00e3o est\u00e1 listada aqui.<br \/>\n<\/strong>por favor envia a tua pergunta para <a href=\"&#109;&#97;&#x69;l&#116;&#x6f;&#x3a;w&#101;&#x6c;&#x63;o&#109;&#x65;&#x40;s&#105;&#x74;&#x69;o&#46;&#x70;&#x74;\">&#x77;&#x65;&#x6c;&#99;&#111;me&#x40;&#x73;&#x69;&#x74;&#105;&#111;&#46;p&#x74;<\/a>.<\/p>\n<p><strong>\u00a0<\/strong><\/p>\n","protected":false},"excerpt":{"rendered":"<p>sobre ser membro como posso tornar-me um membro do sitio? contacta-nos atrav\u00e9s do email &#x77;&#x65;&#108;&#99;o&#x6d;&#x65;&#x40;&#115;it&#x69;&#x6f;&#46;&#112;t para te tornares um membro e para todas as outras perguntas! quais s\u00e3o as diferentes solu\u00e7\u00f5es que o sitio oferece? o sitio oferece solu\u00e7\u00f5es com acesso a espa\u00e7os f\u00edsicos: um escrit\u00f3rio privado ou uma mesa dedicada. se n\u00e3o precisas de [&hellip;]<\/p>\n","protected":false},"author":7,"featured_media":0,"parent":0,"menu_order":0,"comment_status":"closed","ping_status":"closed","template":"","meta":{"_acf_changed":false,"_price":"","_stock":"","_tribe_ticket_header":"","_tribe_default_ticket_provider":"","_tribe_ticket_capacity":"0","_ticket_start_date":"","_ticket_end_date":"","_tribe_ticket_show_description":"","_tribe_ticket_show_not_going":false,"_tribe_ticket_use_global_stock":"","_tribe_ticket_global_stock_level":"","_global_stock_mode":"","_global_stock_cap":"","_tribe_rsvp_for_event":"","_tribe_ticket_going_count":"","_tribe_ticket_not_going_count":"","_tribe_tickets_list":"[]","_tribe_ticket_has_attendee_info_fields":false,"footnotes":"","_tec_slr_enabled":"","_tec_slr_layout":""},"class_list":["post-2912","page","type-page","status-publish","hentry"],"acf":[],"yoast_head":"<!-- This site is optimized with the Yoast SEO plugin v27.4 - https:\/\/yoast.com\/product\/yoast-seo-wordpress\/ -->\n<title>Como posso tornar-me um membro do sitio? Faq - sitio<\/title>\n<meta name=\"description\" content=\"o sitio oferece solu\u00e7\u00f5es com acesso a espa\u00e7os f\u00edsicos: um escrit\u00f3rio privado ou uma mesa dedicada. se n\u00e3o precisas de espa\u00e7o f\u00edsico ..\" \/>\n<meta name=\"robots\" content=\"index, follow, max-snippet:-1, max-image-preview:large, max-video-preview:-1\" \/>\n<link rel=\"canonical\" href=\"https:\/\/sitio.pt\/faq\/\" \/>\n<meta property=\"og:locale\" content=\"pt_PT\" \/>\n<meta property=\"og:type\" content=\"article\" \/>\n<meta property=\"og:title\" content=\"Como posso tornar-me um membro do sitio? Faq - sitio\" \/>\n<meta property=\"og:description\" content=\"o sitio oferece solu\u00e7\u00f5es com acesso a espa\u00e7os f\u00edsicos: um escrit\u00f3rio privado ou uma mesa dedicada. se n\u00e3o precisas de espa\u00e7o f\u00edsico ..\" \/>\n<meta property=\"og:url\" content=\"https:\/\/sitio.pt\/faq\/\" \/>\n<meta property=\"og:site_name\" content=\"sitio\" \/>\n<meta property=\"article:publisher\" content=\"https:\/\/www.facebook.com\/sitio.network\/?locale=pt_PT\" \/>\n<meta property=\"article:modified_time\" content=\"2022-02-08T09:50:39+00:00\" \/>\n<meta name=\"twitter:card\" content=\"summary_large_image\" \/>\n<meta name=\"twitter:label1\" content=\"Tempo estimado de leitura\" \/>\n\t<meta name=\"twitter:data1\" content=\"5 minutos\" \/>\n<script type=\"application\/ld+json\" class=\"yoast-schema-graph\">{\"@context\":\"https:\\\/\\\/schema.org\",\"@graph\":[{\"@type\":\"WebPage\",\"@id\":\"https:\\\/\\\/sitio.pt\\\/faq\\\/\",\"url\":\"https:\\\/\\\/sitio.pt\\\/faq\\\/\",\"name\":\"Como posso tornar-me um membro do sitio? Faq - sitio\",\"isPartOf\":{\"@id\":\"https:\\\/\\\/sitio.pt\\\/#website\"},\"datePublished\":\"2021-02-20T12:45:34+00:00\",\"dateModified\":\"2022-02-08T09:50:39+00:00\",\"description\":\"o sitio oferece solu\u00e7\u00f5es com acesso a espa\u00e7os f\u00edsicos: um escrit\u00f3rio privado ou uma mesa dedicada. se n\u00e3o precisas de espa\u00e7o f\u00edsico ..\",\"breadcrumb\":{\"@id\":\"https:\\\/\\\/sitio.pt\\\/faq\\\/#breadcrumb\"},\"inLanguage\":\"pt-PT\",\"potentialAction\":[{\"@type\":\"ReadAction\",\"target\":[\"https:\\\/\\\/sitio.pt\\\/faq\\\/\"]}]},{\"@type\":\"BreadcrumbList\",\"@id\":\"https:\\\/\\\/sitio.pt\\\/faq\\\/#breadcrumb\",\"itemListElement\":[{\"@type\":\"ListItem\",\"position\":1,\"name\":\"Home\",\"item\":\"https:\\\/\\\/sitio.pt\\\/pt-pt\\\/\"},{\"@type\":\"ListItem\",\"position\":2,\"name\":\"Faq\"}]},{\"@type\":\"WebSite\",\"@id\":\"https:\\\/\\\/sitio.pt\\\/#website\",\"url\":\"https:\\\/\\\/sitio.pt\\\/\",\"name\":\"sitio\",\"description\":\"\",\"publisher\":{\"@id\":\"https:\\\/\\\/sitio.pt\\\/#organization\"},\"potentialAction\":[{\"@type\":\"SearchAction\",\"target\":{\"@type\":\"EntryPoint\",\"urlTemplate\":\"https:\\\/\\\/sitio.pt\\\/?s={search_term_string}\"},\"query-input\":{\"@type\":\"PropertyValueSpecification\",\"valueRequired\":true,\"valueName\":\"search_term_string\"}}],\"inLanguage\":\"pt-PT\"},{\"@type\":\"Organization\",\"@id\":\"https:\\\/\\\/sitio.pt\\\/#organization\",\"name\":\"sitio\",\"url\":\"https:\\\/\\\/sitio.pt\\\/\",\"logo\":{\"@type\":\"ImageObject\",\"inLanguage\":\"pt-PT\",\"@id\":\"https:\\\/\\\/sitio.pt\\\/#\\\/schema\\\/logo\\\/image\\\/\",\"url\":\"https:\\\/\\\/sitio.pt\\\/cms\\\/wp-content\\\/uploads\\\/2022\\\/03\\\/sitio-foto.jpg\",\"contentUrl\":\"https:\\\/\\\/sitio.pt\\\/cms\\\/wp-content\\\/uploads\\\/2022\\\/03\\\/sitio-foto.jpg\",\"width\":1060,\"height\":1305,\"caption\":\"sitio\"},\"image\":{\"@id\":\"https:\\\/\\\/sitio.pt\\\/#\\\/schema\\\/logo\\\/image\\\/\"},\"sameAs\":[\"https:\\\/\\\/www.facebook.com\\\/sitio.network\\\/?locale=pt_PT\"]}]}<\/script>\n<!-- \/ Yoast SEO plugin. -->","yoast_head_json":{"title":"Como posso tornar-me um membro do sitio? Faq - sitio","description":"o sitio oferece solu\u00e7\u00f5es com acesso a espa\u00e7os f\u00edsicos: um escrit\u00f3rio privado ou uma mesa dedicada. se n\u00e3o precisas de espa\u00e7o f\u00edsico ..","robots":{"index":"index","follow":"follow","max-snippet":"max-snippet:-1","max-image-preview":"max-image-preview:large","max-video-preview":"max-video-preview:-1"},"canonical":"https:\/\/sitio.pt\/faq\/","og_locale":"pt_PT","og_type":"article","og_title":"Como posso tornar-me um membro do sitio? Faq - sitio","og_description":"o sitio oferece solu\u00e7\u00f5es com acesso a espa\u00e7os f\u00edsicos: um escrit\u00f3rio privado ou uma mesa dedicada. se n\u00e3o precisas de espa\u00e7o f\u00edsico ..","og_url":"https:\/\/sitio.pt\/faq\/","og_site_name":"sitio","article_publisher":"https:\/\/www.facebook.com\/sitio.network\/?locale=pt_PT","article_modified_time":"2022-02-08T09:50:39+00:00","twitter_card":"summary_large_image","twitter_misc":{"Tempo estimado de leitura":"5 minutos"},"schema":{"@context":"https:\/\/schema.org","@graph":[{"@type":"WebPage","@id":"https:\/\/sitio.pt\/faq\/","url":"https:\/\/sitio.pt\/faq\/","name":"Como posso tornar-me um membro do sitio? Faq - sitio","isPartOf":{"@id":"https:\/\/sitio.pt\/#website"},"datePublished":"2021-02-20T12:45:34+00:00","dateModified":"2022-02-08T09:50:39+00:00","description":"o sitio oferece solu\u00e7\u00f5es com acesso a espa\u00e7os f\u00edsicos: um escrit\u00f3rio privado ou uma mesa dedicada. se n\u00e3o precisas de espa\u00e7o f\u00edsico ..","breadcrumb":{"@id":"https:\/\/sitio.pt\/faq\/#breadcrumb"},"inLanguage":"pt-PT","potentialAction":[{"@type":"ReadAction","target":["https:\/\/sitio.pt\/faq\/"]}]},{"@type":"BreadcrumbList","@id":"https:\/\/sitio.pt\/faq\/#breadcrumb","itemListElement":[{"@type":"ListItem","position":1,"name":"Home","item":"https:\/\/sitio.pt\/pt-pt\/"},{"@type":"ListItem","position":2,"name":"Faq"}]},{"@type":"WebSite","@id":"https:\/\/sitio.pt\/#website","url":"https:\/\/sitio.pt\/","name":"sitio","description":"","publisher":{"@id":"https:\/\/sitio.pt\/#organization"},"potentialAction":[{"@type":"SearchAction","target":{"@type":"EntryPoint","urlTemplate":"https:\/\/sitio.pt\/?s={search_term_string}"},"query-input":{"@type":"PropertyValueSpecification","valueRequired":true,"valueName":"search_term_string"}}],"inLanguage":"pt-PT"},{"@type":"Organization","@id":"https:\/\/sitio.pt\/#organization","name":"sitio","url":"https:\/\/sitio.pt\/","logo":{"@type":"ImageObject","inLanguage":"pt-PT","@id":"https:\/\/sitio.pt\/#\/schema\/logo\/image\/","url":"https:\/\/sitio.pt\/cms\/wp-content\/uploads\/2022\/03\/sitio-foto.jpg","contentUrl":"https:\/\/sitio.pt\/cms\/wp-content\/uploads\/2022\/03\/sitio-foto.jpg","width":1060,"height":1305,"caption":"sitio"},"image":{"@id":"https:\/\/sitio.pt\/#\/schema\/logo\/image\/"},"sameAs":["https:\/\/www.facebook.com\/sitio.network\/?locale=pt_PT"]}]}},"ticketed":false,"_links":{"self":[{"href":"https:\/\/sitio.pt\/pt-pt\/wp-json\/wp\/v2\/pages\/2912","targetHints":{"allow":["GET"]}}],"collection":[{"href":"https:\/\/sitio.pt\/pt-pt\/wp-json\/wp\/v2\/pages"}],"about":[{"href":"https:\/\/sitio.pt\/pt-pt\/wp-json\/wp\/v2\/types\/page"}],"author":[{"embeddable":true,"href":"https:\/\/sitio.pt\/pt-pt\/wp-json\/wp\/v2\/users\/7"}],"replies":[{"embeddable":true,"href":"https:\/\/sitio.pt\/pt-pt\/wp-json\/wp\/v2\/comments?post=2912"}],"version-history":[{"count":18,"href":"https:\/\/sitio.pt\/pt-pt\/wp-json\/wp\/v2\/pages\/2912\/revisions"}],"predecessor-version":[{"id":3127,"href":"https:\/\/sitio.pt\/pt-pt\/wp-json\/wp\/v2\/pages\/2912\/revisions\/3127"}],"wp:attachment":[{"href":"https:\/\/sitio.pt\/pt-pt\/wp-json\/wp\/v2\/media?parent=2912"}],"curies":[{"name":"wp","href":"https:\/\/api.w.org\/{rel}","templated":true}]}}