
{"id":2911,"date":"2021-02-20T12:40:36","date_gmt":"2021-02-20T12:40:36","guid":{"rendered":"http:\/\/sitio.pt\/cookies\/"},"modified":"2022-02-08T09:53:51","modified_gmt":"2022-02-08T09:53:51","slug":"cookies","status":"publish","type":"page","link":"https:\/\/sitio.pt\/pt-pt\/cookies\/","title":{"rendered":"Cookies"},"content":{"rendered":"<p>este website utiliza cookies. um cookie \u00e9 um pequeno arquivo de texto que identifica o seu computador no nosso servidor. os cookies em si n\u00e3o identificam o utilizador individual, apenas o computador utilizado. os cookies n\u00e3o s\u00e3o utilizados para recolher informa\u00e7\u00f5es pessoais.<\/p>\n<p>o utilizador tem, a qualquer momento, a possibilidade de configurar o seu computador para aceitar todos os cookies, para notific\u00e1-lo quando um cookie \u00e9 emitido ou para n\u00e3o receber quaisquer cookies. a forma como faz isso depende do navegador (web browser) que utiliza (por favor, consulte a fun\u00e7\u00e3o &#8220;ajuda&#8221; do seu navegador).<\/p>\n<p>podemos utilizar as informa\u00e7\u00f5es agregadas para nos ajudar a desenvolver e melhorar o website. as informa\u00e7\u00f5es agregadas e estat\u00edsticas n\u00e3o incluem, por\u00e9m, detalhes que possam ser utilizados para o identificar.<\/p>\n<p><strong>os cookies que utilizamos:<br \/>\n<\/strong><u>cookies essenciais para fornecimento dos servi\u00e7os<\/u> \u2013 necess\u00e1rios para a navega\u00e7\u00e3o e uso do website e app e todas as suas features, garantindo acesso a \u00e1reas privadas do website para o fornecimento de servi\u00e7os, chamados de cookies de sess\u00e3o.<\/p>\n<p><u>cookies anal\u00edticos<\/u> \u2013 necess\u00e1rios para recolher informa\u00e7\u00e3o para analise estat\u00edstica de navega\u00e7\u00e3o e uso do website e app.<\/p>\n<p><u>cookies personalizados<\/u> \u2013 v\u00e3o permitir ao website sitio, app e servi\u00e7o reconhecer as prefer\u00eancias do utilizador quando usa os nossos servi\u00e7os.<\/p>\n<p><u>cookies de publicidade<\/u> \u2013 s\u00e3o usados por empresas externas ao sitio para fornecer aos utilizadores an\u00fancios relevantes, cobrindo a possibilidade de limitar o n\u00famero de vezes que os an\u00fancios s\u00e3o mostrados.<\/p>\n<p><strong>gest\u00e3o de cookies:<br \/>\n<\/strong>os navegadores da web permitem exercer algum controlo dos cookies atrav\u00e9s das configura\u00e7\u00f5es do navegador. a maioria dos navegadores permitem bloquear cookies ou bloquear cookies de sites espec\u00edficos. os navegadores tamb\u00e9m podem ajud\u00e1-lo a apagar os cookies quando fecha o navegador. de notar que que isso pode significar que quaisquer opt-outs ou prefer\u00eancias definidas no website ser\u00e3o perdidos. para saber mais sobre os cookies, incluindo a forma como os cookies foram criados e como gerir e excluir os mesmos, visite www.allaboutcookies.org que inclui informa\u00e7\u00f5es sobre como gerir as suas configura\u00e7\u00f5es para os v\u00e1rios fornecedores de navegadores.<\/p>\n<p><strong>Google Analytics navegador opt-out:<br \/>\n<\/strong>para fornecer aos visitantes mais escolha sobre como os seus dados s\u00e3o recolhidos pelo Google Analytics, a Google desenvolveu o Google Analytics Navegador Opt-out Add-on. o add-on comunica com o Javascript do Google Analytics (ga.js) para indicar que as informa\u00e7\u00f5es sobre a visita do website n\u00e3o devem ser enviadas para o Google Analytics. o Google Analytics Navegador Opt-out extra n\u00e3o impede que as informa\u00e7\u00f5es sejam enviadas para o website em si ou para outros servi\u00e7os da web analytics. saiba mais em <a href=\"https:\/\/developers.google.com\/analytics\/devguides\/collection\/analyticsjs\/cookie-usage\">https:\/\/developers.google.com\/analytics\/devguides\/collection\/analyticsjs\/cookie-usage<\/a>.<\/p>\n","protected":false},"excerpt":{"rendered":"<p>este website utiliza cookies. um cookie \u00e9 um pequeno arquivo de texto que identifica o seu computador no nosso servidor. os cookies em si n\u00e3o identificam o utilizador individual, apenas o computador utilizado. os cookies n\u00e3o s\u00e3o utilizados para recolher informa\u00e7\u00f5es pessoais. o utilizador tem, a qualquer momento, a possibilidade de configurar o seu computador [&hellip;]<\/p>\n","protected":false},"author":7,"featured_media":0,"parent":0,"menu_order":0,"comment_status":"closed","ping_status":"closed","template":"","meta":{"_acf_changed":false,"_price":"","_stock":"","_tribe_ticket_header":"","_tribe_default_ticket_provider":"","_tribe_ticket_capacity":"0","_ticket_start_date":"","_ticket_end_date":"","_tribe_ticket_show_description":"","_tribe_ticket_show_not_going":false,"_tribe_ticket_use_global_stock":"","_tribe_ticket_global_stock_level":"","_global_stock_mode":"","_global_stock_cap":"","_tribe_rsvp_for_event":"","_tribe_ticket_going_count":"","_tribe_ticket_not_going_count":"","_tribe_tickets_list":"[]","_tribe_ticket_has_attendee_info_fields":false,"footnotes":"","_tec_slr_enabled":"","_tec_slr_layout":""},"class_list":["post-2911","page","type-page","status-publish","hentry"],"acf":[],"yoast_head":"<!-- This site is optimized with the Yoast SEO plugin v27.3 - https:\/\/yoast.com\/product\/yoast-seo-wordpress\/ -->\n<title>Cookies no site do Sitio - sitio<\/title>\n<meta name=\"description\" content=\"este website utiliza cookies. um cookie \u00e9 um pequeno arquivo de texto que identifica o seu computador no nosso servidor. os cookies em si n\u00e3o\" \/>\n<meta name=\"robots\" content=\"index, follow, max-snippet:-1, max-image-preview:large, max-video-preview:-1\" \/>\n<link rel=\"canonical\" href=\"https:\/\/sitio.pt\/cookies\/\" \/>\n<meta property=\"og:locale\" content=\"pt_PT\" \/>\n<meta property=\"og:type\" content=\"article\" \/>\n<meta property=\"og:title\" content=\"Cookies no site do Sitio - sitio\" \/>\n<meta property=\"og:description\" content=\"este website utiliza cookies. um cookie \u00e9 um pequeno arquivo de texto que identifica o seu computador no nosso servidor. os cookies em si n\u00e3o\" \/>\n<meta property=\"og:url\" content=\"https:\/\/sitio.pt\/cookies\/\" \/>\n<meta property=\"og:site_name\" content=\"sitio\" \/>\n<meta property=\"article:publisher\" content=\"https:\/\/www.facebook.com\/sitio.network\/?locale=pt_PT\" \/>\n<meta property=\"article:modified_time\" content=\"2022-02-08T09:53:51+00:00\" \/>\n<meta name=\"twitter:card\" content=\"summary_large_image\" \/>\n<meta name=\"twitter:label1\" content=\"Tempo estimado de leitura\" \/>\n\t<meta name=\"twitter:data1\" content=\"2 minutos\" \/>\n<script type=\"application\/ld+json\" class=\"yoast-schema-graph\">{\"@context\":\"https:\\\/\\\/schema.org\",\"@graph\":[{\"@type\":\"WebPage\",\"@id\":\"https:\\\/\\\/sitio.pt\\\/cookies\\\/\",\"url\":\"https:\\\/\\\/sitio.pt\\\/cookies\\\/\",\"name\":\"Cookies no site do Sitio - sitio\",\"isPartOf\":{\"@id\":\"https:\\\/\\\/sitio.pt\\\/#website\"},\"datePublished\":\"2021-02-20T12:40:36+00:00\",\"dateModified\":\"2022-02-08T09:53:51+00:00\",\"description\":\"este website utiliza cookies. um cookie \u00e9 um pequeno arquivo de texto que identifica o seu computador no nosso servidor. os cookies em si n\u00e3o\",\"breadcrumb\":{\"@id\":\"https:\\\/\\\/sitio.pt\\\/cookies\\\/#breadcrumb\"},\"inLanguage\":\"pt-PT\",\"potentialAction\":[{\"@type\":\"ReadAction\",\"target\":[\"https:\\\/\\\/sitio.pt\\\/cookies\\\/\"]}]},{\"@type\":\"BreadcrumbList\",\"@id\":\"https:\\\/\\\/sitio.pt\\\/cookies\\\/#breadcrumb\",\"itemListElement\":[{\"@type\":\"ListItem\",\"position\":1,\"name\":\"Home\",\"item\":\"https:\\\/\\\/sitio.pt\\\/pt-pt\\\/\"},{\"@type\":\"ListItem\",\"position\":2,\"name\":\"Cookies\"}]},{\"@type\":\"WebSite\",\"@id\":\"https:\\\/\\\/sitio.pt\\\/#website\",\"url\":\"https:\\\/\\\/sitio.pt\\\/\",\"name\":\"sitio\",\"description\":\"\",\"publisher\":{\"@id\":\"https:\\\/\\\/sitio.pt\\\/#organization\"},\"potentialAction\":[{\"@type\":\"SearchAction\",\"target\":{\"@type\":\"EntryPoint\",\"urlTemplate\":\"https:\\\/\\\/sitio.pt\\\/?s={search_term_string}\"},\"query-input\":{\"@type\":\"PropertyValueSpecification\",\"valueRequired\":true,\"valueName\":\"search_term_string\"}}],\"inLanguage\":\"pt-PT\"},{\"@type\":\"Organization\",\"@id\":\"https:\\\/\\\/sitio.pt\\\/#organization\",\"name\":\"sitio\",\"url\":\"https:\\\/\\\/sitio.pt\\\/\",\"logo\":{\"@type\":\"ImageObject\",\"inLanguage\":\"pt-PT\",\"@id\":\"https:\\\/\\\/sitio.pt\\\/#\\\/schema\\\/logo\\\/image\\\/\",\"url\":\"https:\\\/\\\/sitio.pt\\\/cms\\\/wp-content\\\/uploads\\\/2022\\\/03\\\/sitio-foto.jpg\",\"contentUrl\":\"https:\\\/\\\/sitio.pt\\\/cms\\\/wp-content\\\/uploads\\\/2022\\\/03\\\/sitio-foto.jpg\",\"width\":1060,\"height\":1305,\"caption\":\"sitio\"},\"image\":{\"@id\":\"https:\\\/\\\/sitio.pt\\\/#\\\/schema\\\/logo\\\/image\\\/\"},\"sameAs\":[\"https:\\\/\\\/www.facebook.com\\\/sitio.network\\\/?locale=pt_PT\"]}]}<\/script>\n<!-- \/ Yoast SEO plugin. -->","yoast_head_json":{"title":"Cookies no site do Sitio - sitio","description":"este website utiliza cookies. um cookie \u00e9 um pequeno arquivo de texto que identifica o seu computador no nosso servidor. os cookies em si n\u00e3o","robots":{"index":"index","follow":"follow","max-snippet":"max-snippet:-1","max-image-preview":"max-image-preview:large","max-video-preview":"max-video-preview:-1"},"canonical":"https:\/\/sitio.pt\/cookies\/","og_locale":"pt_PT","og_type":"article","og_title":"Cookies no site do Sitio - sitio","og_description":"este website utiliza cookies. um cookie \u00e9 um pequeno arquivo de texto que identifica o seu computador no nosso servidor. os cookies em si n\u00e3o","og_url":"https:\/\/sitio.pt\/cookies\/","og_site_name":"sitio","article_publisher":"https:\/\/www.facebook.com\/sitio.network\/?locale=pt_PT","article_modified_time":"2022-02-08T09:53:51+00:00","twitter_card":"summary_large_image","twitter_misc":{"Tempo estimado de leitura":"2 minutos"},"schema":{"@context":"https:\/\/schema.org","@graph":[{"@type":"WebPage","@id":"https:\/\/sitio.pt\/cookies\/","url":"https:\/\/sitio.pt\/cookies\/","name":"Cookies no site do Sitio - sitio","isPartOf":{"@id":"https:\/\/sitio.pt\/#website"},"datePublished":"2021-02-20T12:40:36+00:00","dateModified":"2022-02-08T09:53:51+00:00","description":"este website utiliza cookies. um cookie \u00e9 um pequeno arquivo de texto que identifica o seu computador no nosso servidor. os cookies em si n\u00e3o","breadcrumb":{"@id":"https:\/\/sitio.pt\/cookies\/#breadcrumb"},"inLanguage":"pt-PT","potentialAction":[{"@type":"ReadAction","target":["https:\/\/sitio.pt\/cookies\/"]}]},{"@type":"BreadcrumbList","@id":"https:\/\/sitio.pt\/cookies\/#breadcrumb","itemListElement":[{"@type":"ListItem","position":1,"name":"Home","item":"https:\/\/sitio.pt\/pt-pt\/"},{"@type":"ListItem","position":2,"name":"Cookies"}]},{"@type":"WebSite","@id":"https:\/\/sitio.pt\/#website","url":"https:\/\/sitio.pt\/","name":"sitio","description":"","publisher":{"@id":"https:\/\/sitio.pt\/#organization"},"potentialAction":[{"@type":"SearchAction","target":{"@type":"EntryPoint","urlTemplate":"https:\/\/sitio.pt\/?s={search_term_string}"},"query-input":{"@type":"PropertyValueSpecification","valueRequired":true,"valueName":"search_term_string"}}],"inLanguage":"pt-PT"},{"@type":"Organization","@id":"https:\/\/sitio.pt\/#organization","name":"sitio","url":"https:\/\/sitio.pt\/","logo":{"@type":"ImageObject","inLanguage":"pt-PT","@id":"https:\/\/sitio.pt\/#\/schema\/logo\/image\/","url":"https:\/\/sitio.pt\/cms\/wp-content\/uploads\/2022\/03\/sitio-foto.jpg","contentUrl":"https:\/\/sitio.pt\/cms\/wp-content\/uploads\/2022\/03\/sitio-foto.jpg","width":1060,"height":1305,"caption":"sitio"},"image":{"@id":"https:\/\/sitio.pt\/#\/schema\/logo\/image\/"},"sameAs":["https:\/\/www.facebook.com\/sitio.network\/?locale=pt_PT"]}]}},"ticketed":false,"_links":{"self":[{"href":"https:\/\/sitio.pt\/pt-pt\/wp-json\/wp\/v2\/pages\/2911","targetHints":{"allow":["GET"]}}],"collection":[{"href":"https:\/\/sitio.pt\/pt-pt\/wp-json\/wp\/v2\/pages"}],"about":[{"href":"https:\/\/sitio.pt\/pt-pt\/wp-json\/wp\/v2\/types\/page"}],"author":[{"embeddable":true,"href":"https:\/\/sitio.pt\/pt-pt\/wp-json\/wp\/v2\/users\/7"}],"replies":[{"embeddable":true,"href":"https:\/\/sitio.pt\/pt-pt\/wp-json\/wp\/v2\/comments?post=2911"}],"version-history":[{"count":6,"href":"https:\/\/sitio.pt\/pt-pt\/wp-json\/wp\/v2\/pages\/2911\/revisions"}],"predecessor-version":[{"id":3100,"href":"https:\/\/sitio.pt\/pt-pt\/wp-json\/wp\/v2\/pages\/2911\/revisions\/3100"}],"wp:attachment":[{"href":"https:\/\/sitio.pt\/pt-pt\/wp-json\/wp\/v2\/media?parent=2911"}],"curies":[{"name":"wp","href":"https:\/\/api.w.org\/{rel}","templated":true}]}}